{"id":161,"date":"2015-05-24T08:07:27","date_gmt":"2015-05-24T06:07:27","guid":{"rendered":"http:\/\/alka-web.com\/woffice\/?page_id=161"},"modified":"2019-12-12T17:20:09","modified_gmt":"2019-12-12T17:20:09","slug":"gestionnaire-de-fichiers","status":"publish","type":"page","link":"https:\/\/spps.sn\/intranet\/gestionnaire-de-fichiers\/","title":{"rendered":"Gestionnaire de fichiers"},"content":{"rendered":"<section class=\"fw-main-row \">\n<div class=\"fw-container\">\n<div class=\"fw-row\">\n<div class=\"fw-col-xs-12 \">\n<p>Vous pouvez voir les fichiers charg\u00e9s par les membres dans les diff\u00e9rents r\u00e9pertoires pr\u00e9vus. Vous pouvez aussi t\u00e9l\u00e9charger ces fichiers ou charger les v\u00f4tres.<\/p>\n<p>Cette fonctionnalit\u00e9 vous permet de partager des photos, vid\u00e9os, documents li\u00e9s \u00e0 des projets communs, ou autres types de documents.<\/p>\n<\/div>\n<\/div>\n<div class=\"fw-row\">\n<div class=\"fw-col-xs-12 \">\n<p>[fileup base=\u00a0\u00bb1&Prime; makedir=\u00a0\u00bbtrue\u00a0\u00bb   ]<br \/>\n[fileaway base=\u00a0\u00bb1&Prime; makedir=\u00a0\u00bbtrue\u00a0\u00bb  type=\u00a0\u00bbtable\u00a0\u00bb directories=\u00a0\u00bbtrue\u00a0\u00bb paginate=\u00a0\u00bbfalse\u00a0\u00bb makedir=\u00a0\u00bbtrue\u00a0\u00bb flightbox=\u00a0\u00bbimages\u00a0\u00bb ]<\/p><\/div>\n<\/div>\n<div class=\"fw-row\">\n<div class=\"fw-col-xs-12 \">\n<p>[fileup base=\u00a0\u00bb2&Prime; makedir=\u00a0\u00bbtrue\u00a0\u00bb   ]<br \/>\n[fileaway base=\u00a0\u00bb2&Prime; makedir=\u00a0\u00bbtrue\u00a0\u00bb  type=\u00a0\u00bbtable\u00a0\u00bb directories=\u00a0\u00bbtrue\u00a0\u00bb paginate=\u00a0\u00bbfalse\u00a0\u00bb makedir=\u00a0\u00bbtrue\u00a0\u00bb flightbox=\u00a0\u00bbimages\u00a0\u00bb ]<\/p><\/div>\n<\/div>\n<div class=\"fw-row\">\n<div class=\"fw-col-xs-12 \">\n<p>[fileup base=\u00a0\u00bb3&Prime; makedir=\u00a0\u00bbtrue\u00a0\u00bb   ]<br \/>\n[fileaway base=\u00a0\u00bb3&Prime; makedir=\u00a0\u00bbtrue\u00a0\u00bb  type=\u00a0\u00bbtable\u00a0\u00bb directories=\u00a0\u00bbtrue\u00a0\u00bb paginate=\u00a0\u00bbfalse\u00a0\u00bb makedir=\u00a0\u00bbtrue\u00a0\u00bb flightbox=\u00a0\u00bbimages\u00a0\u00bb ]<\/p><\/div>\n<\/div>\n<div class=\"fw-row\">\n<div class=\"fw-col-xs-12 \">\n<p>[fileup base=\u00a0\u00bb4&Prime; makedir=\u00a0\u00bbtrue\u00a0\u00bb   ]<br \/>\n[fileaway base=\u00a0\u00bb4&Prime; makedir=\u00a0\u00bbtrue\u00a0\u00bb  type=\u00a0\u00bbtable\u00a0\u00bb directories=\u00a0\u00bbtrue\u00a0\u00bb paginate=\u00a0\u00bbfalse\u00a0\u00bb makedir=\u00a0\u00bbtrue\u00a0\u00bb flightbox=\u00a0\u00bbimages\u00a0\u00bb ]<\/p><\/div>\n<\/div>\n<div class=\"fw-row\">\n<div class=\"fw-col-xs-12 \">\n<p>[fileup base=\u00a0\u00bb5&Prime; makedir=\u00a0\u00bbtrue\u00a0\u00bb   ]<br \/>\n[fileaway base=\u00a0\u00bb5&Prime; makedir=\u00a0\u00bbtrue\u00a0\u00bb  type=\u00a0\u00bbtable\u00a0\u00bb directories=\u00a0\u00bbtrue\u00a0\u00bb paginate=\u00a0\u00bbfalse\u00a0\u00bb makedir=\u00a0\u00bbtrue\u00a0\u00bb flightbox=\u00a0\u00bbimages\u00a0\u00bb ]<\/p><\/div>\n<\/div><\/div>\n<\/section>\n<p><!-- 7aa6389761ea0ac479c4fe5327eff9dd --><\/p>\n","protected":false},"excerpt":{"rendered":"<p>Vous pouvez voir les fichiers charg\u00e9s par les membres dans les diff\u00e9rents r\u00e9pertoires pr\u00e9vus. Vous pouvez aussi t\u00e9l\u00e9charger ces fichiers ou charger les v\u00f4tres. Cette fonctionnalit\u00e9 vous permet de partager des photos, vid\u00e9os, documents li\u00e9s \u00e0 des projets communs, ou autres types de documents. [fileup base=\u00a0\u00bb1&Prime; makedir=\u00a0\u00bbtrue\u00a0\u00bb ] [fileaway base=\u00a0\u00bb1&Prime; makedir=\u00a0\u00bbtrue\u00a0\u00bb type=\u00a0\u00bbtable\u00a0\u00bb directories=\u00a0\u00bbtrue\u00a0\u00bb paginate=\u00a0\u00bbfalse\u00a0\u00bb makedir=\u00a0\u00bbtrue\u00a0\u00bb [&hellip;]<\/p>\n","protected":false},"author":1,"featured_media":0,"parent":0,"menu_order":0,"comment_status":"closed","ping_status":"closed","template":"","meta":{"footnotes":""},"class_list":["post-161","page","type-page","status-publish"],"yoast_head":"<!-- This site is optimized with the Yoast SEO plugin v20.5 - https:\/\/yoast.com\/wordpress\/plugins\/seo\/ -->\n<title>Gestionnaire de fichiers - Intranet\/Extranet SPPS<\/title>\n<meta name=\"robots\" content=\"index, follow, max-snippet:-1, max-image-preview:large, max-video-preview:-1\" \/>\n<link rel=\"canonical\" href=\"https:\/\/spps.sn\/intranet\/gestionnaire-de-fichiers\/\" \/>\n<meta property=\"og:locale\" content=\"fr_FR\" \/>\n<meta property=\"og:type\" content=\"article\" \/>\n<meta property=\"og:title\" content=\"Gestionnaire de fichiers - Intranet\/Extranet SPPS\" \/>\n<meta property=\"og:description\" content=\"Vous pouvez voir les fichiers charg\u00e9s par les membres dans les diff\u00e9rents r\u00e9pertoires pr\u00e9vus. Vous pouvez aussi t\u00e9l\u00e9charger ces fichiers ou charger les v\u00f4tres. Cette fonctionnalit\u00e9 vous permet de partager des photos, vid\u00e9os, documents li\u00e9s \u00e0 des projets communs, ou autres types de documents. [fileup base=\u00a0\u00bb1&Prime; makedir=\u00a0\u00bbtrue\u00a0\u00bb ] [fileaway base=\u00a0\u00bb1&Prime; makedir=\u00a0\u00bbtrue\u00a0\u00bb type=\u00a0\u00bbtable\u00a0\u00bb directories=\u00a0\u00bbtrue\u00a0\u00bb paginate=\u00a0\u00bbfalse\u00a0\u00bb makedir=\u00a0\u00bbtrue\u00a0\u00bb [&hellip;]\" \/>\n<meta property=\"og:url\" content=\"https:\/\/spps.sn\/intranet\/gestionnaire-de-fichiers\/\" \/>\n<meta property=\"og:site_name\" content=\"Intranet\/Extranet SPPS\" \/>\n<meta property=\"article:modified_time\" content=\"2019-12-12T17:20:09+00:00\" \/>\n<meta name=\"twitter:card\" content=\"summary_large_image\" \/>\n<meta name=\"twitter:label1\" content=\"Dur\u00e9e de lecture estim\u00e9e\" \/>\n\t<meta name=\"twitter:data1\" content=\"1 minute\" \/>\n<script type=\"application\/ld+json\" class=\"yoast-schema-graph\">{\"@context\":\"https:\/\/schema.org\",\"@graph\":[{\"@type\":\"WebPage\",\"@id\":\"https:\/\/spps.sn\/intranet\/gestionnaire-de-fichiers\/\",\"url\":\"https:\/\/spps.sn\/intranet\/gestionnaire-de-fichiers\/\",\"name\":\"Gestionnaire de fichiers - Intranet\/Extranet SPPS\",\"isPartOf\":{\"@id\":\"https:\/\/spps.sn\/intranet\/#website\"},\"datePublished\":\"2015-05-24T06:07:27+00:00\",\"dateModified\":\"2019-12-12T17:20:09+00:00\",\"breadcrumb\":{\"@id\":\"https:\/\/spps.sn\/intranet\/gestionnaire-de-fichiers\/#breadcrumb\"},\"inLanguage\":\"fr-FR\",\"potentialAction\":[{\"@type\":\"ReadAction\",\"target\":[\"https:\/\/spps.sn\/intranet\/gestionnaire-de-fichiers\/\"]}]},{\"@type\":\"BreadcrumbList\",\"@id\":\"https:\/\/spps.sn\/intranet\/gestionnaire-de-fichiers\/#breadcrumb\",\"itemListElement\":[{\"@type\":\"ListItem\",\"position\":1,\"name\":\"Accueil\",\"item\":\"https:\/\/spps.sn\/intranet\/\"},{\"@type\":\"ListItem\",\"position\":2,\"name\":\"Gestionnaire de fichiers\"}]},{\"@type\":\"WebSite\",\"@id\":\"https:\/\/spps.sn\/intranet\/#website\",\"url\":\"https:\/\/spps.sn\/intranet\/\",\"name\":\"Intranet\/Extranet SPPS\",\"description\":\"Un espace d&#039;\u00e9changes et de collaboration pour le syndicat des pharmaciens priv\u00e9s du S\u00e9n\u00e9gal\",\"potentialAction\":[{\"@type\":\"SearchAction\",\"target\":{\"@type\":\"EntryPoint\",\"urlTemplate\":\"https:\/\/spps.sn\/intranet\/?s={search_term_string}\"},\"query-input\":\"required name=search_term_string\"}],\"inLanguage\":\"fr-FR\"}]}<\/script>\n<!-- \/ Yoast SEO plugin. -->","yoast_head_json":{"title":"Gestionnaire de fichiers - Intranet\/Extranet SPPS","robots":{"index":"index","follow":"follow","max-snippet":"max-snippet:-1","max-image-preview":"max-image-preview:large","max-video-preview":"max-video-preview:-1"},"canonical":"https:\/\/spps.sn\/intranet\/gestionnaire-de-fichiers\/","og_locale":"fr_FR","og_type":"article","og_title":"Gestionnaire de fichiers - Intranet\/Extranet SPPS","og_description":"Vous pouvez voir les fichiers charg\u00e9s par les membres dans les diff\u00e9rents r\u00e9pertoires pr\u00e9vus. Vous pouvez aussi t\u00e9l\u00e9charger ces fichiers ou charger les v\u00f4tres. Cette fonctionnalit\u00e9 vous permet de partager des photos, vid\u00e9os, documents li\u00e9s \u00e0 des projets communs, ou autres types de documents. [fileup base=\u00a0\u00bb1&Prime; makedir=\u00a0\u00bbtrue\u00a0\u00bb ] [fileaway base=\u00a0\u00bb1&Prime; makedir=\u00a0\u00bbtrue\u00a0\u00bb type=\u00a0\u00bbtable\u00a0\u00bb directories=\u00a0\u00bbtrue\u00a0\u00bb paginate=\u00a0\u00bbfalse\u00a0\u00bb makedir=\u00a0\u00bbtrue\u00a0\u00bb [&hellip;]","og_url":"https:\/\/spps.sn\/intranet\/gestionnaire-de-fichiers\/","og_site_name":"Intranet\/Extranet SPPS","article_modified_time":"2019-12-12T17:20:09+00:00","twitter_card":"summary_large_image","twitter_misc":{"Dur\u00e9e de lecture estim\u00e9e":"1 minute"},"schema":{"@context":"https:\/\/schema.org","@graph":[{"@type":"WebPage","@id":"https:\/\/spps.sn\/intranet\/gestionnaire-de-fichiers\/","url":"https:\/\/spps.sn\/intranet\/gestionnaire-de-fichiers\/","name":"Gestionnaire de fichiers - Intranet\/Extranet SPPS","isPartOf":{"@id":"https:\/\/spps.sn\/intranet\/#website"},"datePublished":"2015-05-24T06:07:27+00:00","dateModified":"2019-12-12T17:20:09+00:00","breadcrumb":{"@id":"https:\/\/spps.sn\/intranet\/gestionnaire-de-fichiers\/#breadcrumb"},"inLanguage":"fr-FR","potentialAction":[{"@type":"ReadAction","target":["https:\/\/spps.sn\/intranet\/gestionnaire-de-fichiers\/"]}]},{"@type":"BreadcrumbList","@id":"https:\/\/spps.sn\/intranet\/gestionnaire-de-fichiers\/#breadcrumb","itemListElement":[{"@type":"ListItem","position":1,"name":"Accueil","item":"https:\/\/spps.sn\/intranet\/"},{"@type":"ListItem","position":2,"name":"Gestionnaire de fichiers"}]},{"@type":"WebSite","@id":"https:\/\/spps.sn\/intranet\/#website","url":"https:\/\/spps.sn\/intranet\/","name":"Intranet\/Extranet SPPS","description":"Un espace d&#039;\u00e9changes et de collaboration pour le syndicat des pharmaciens priv\u00e9s du S\u00e9n\u00e9gal","potentialAction":[{"@type":"SearchAction","target":{"@type":"EntryPoint","urlTemplate":"https:\/\/spps.sn\/intranet\/?s={search_term_string}"},"query-input":"required name=search_term_string"}],"inLanguage":"fr-FR"}]}},"_links":{"self":[{"href":"https:\/\/spps.sn\/intranet\/wp-json\/wp\/v2\/pages\/161","targetHints":{"allow":["GET"]}}],"collection":[{"href":"https:\/\/spps.sn\/intranet\/wp-json\/wp\/v2\/pages"}],"about":[{"href":"https:\/\/spps.sn\/intranet\/wp-json\/wp\/v2\/types\/page"}],"author":[{"embeddable":true,"href":"https:\/\/spps.sn\/intranet\/wp-json\/wp\/v2\/users\/1"}],"replies":[{"embeddable":true,"href":"https:\/\/spps.sn\/intranet\/wp-json\/wp\/v2\/comments?post=161"}],"version-history":[{"count":17,"href":"https:\/\/spps.sn\/intranet\/wp-json\/wp\/v2\/pages\/161\/revisions"}],"predecessor-version":[{"id":1166,"href":"https:\/\/spps.sn\/intranet\/wp-json\/wp\/v2\/pages\/161\/revisions\/1166"}],"wp:attachment":[{"href":"https:\/\/spps.sn\/intranet\/wp-json\/wp\/v2\/media?parent=161"}],"curies":[{"name":"wp","href":"https:\/\/api.w.org\/{rel}","templated":true}]}}