{"id":216,"date":"2015-05-24T15:43:21","date_gmt":"2015-05-24T15:43:21","guid":{"rendered":"http:\/\/alka-web.com\/woffice\/?page_id=216"},"modified":"2019-12-11T12:31:32","modified_gmt":"2019-12-11T11:31:32","slug":"projets","status":"publish","type":"page","link":"https:\/\/spps.sn\/intranet\/projets\/","title":{"rendered":"Projets"},"content":{"rendered":"<p style=\"text-align: center;\">Bienvenue sur la page de projets. Soyez au courant de nos projets en cours.<\/p>\n","protected":false},"excerpt":{"rendered":"<p>Bienvenue sur la page de projets. Soyez au courant de nos projets en cours.<\/p>\n","protected":false},"author":1,"featured_media":0,"parent":0,"menu_order":0,"comment_status":"open","ping_status":"open","template":"page-templates\/projects.php","meta":{"footnotes":""},"class_list":["post-216","page","type-page","status-publish"],"yoast_head":"<!-- This site is optimized with the Yoast SEO plugin v20.5 - https:\/\/yoast.com\/wordpress\/plugins\/seo\/ -->\n<title>Projets - Intranet\/Extranet SPPS<\/title>\n<meta name=\"robots\" content=\"index, follow, max-snippet:-1, max-image-preview:large, max-video-preview:-1\" \/>\n<link rel=\"canonical\" href=\"https:\/\/spps.sn\/intranet\/projets\/\" \/>\n<meta property=\"og:locale\" content=\"fr_FR\" \/>\n<meta property=\"og:type\" content=\"article\" \/>\n<meta property=\"og:title\" content=\"Projets - Intranet\/Extranet SPPS\" \/>\n<meta property=\"og:description\" content=\"Bienvenue sur la page de projets. Soyez au courant de nos projets en cours.\" \/>\n<meta property=\"og:url\" content=\"https:\/\/spps.sn\/intranet\/projets\/\" \/>\n<meta property=\"og:site_name\" content=\"Intranet\/Extranet SPPS\" \/>\n<meta property=\"article:modified_time\" content=\"2019-12-11T11:31:32+00:00\" \/>\n<meta name=\"twitter:card\" content=\"summary_large_image\" \/>\n<script type=\"application\/ld+json\" class=\"yoast-schema-graph\">{\"@context\":\"https:\/\/schema.org\",\"@graph\":[{\"@type\":\"WebPage\",\"@id\":\"https:\/\/spps.sn\/intranet\/projets\/\",\"url\":\"https:\/\/spps.sn\/intranet\/projets\/\",\"name\":\"Projets - Intranet\/Extranet SPPS\",\"isPartOf\":{\"@id\":\"https:\/\/spps.sn\/intranet\/#website\"},\"datePublished\":\"2015-05-24T15:43:21+00:00\",\"dateModified\":\"2019-12-11T11:31:32+00:00\",\"breadcrumb\":{\"@id\":\"https:\/\/spps.sn\/intranet\/projets\/#breadcrumb\"},\"inLanguage\":\"fr-FR\",\"potentialAction\":[{\"@type\":\"ReadAction\",\"target\":[\"https:\/\/spps.sn\/intranet\/projets\/\"]}]},{\"@type\":\"BreadcrumbList\",\"@id\":\"https:\/\/spps.sn\/intranet\/projets\/#breadcrumb\",\"itemListElement\":[{\"@type\":\"ListItem\",\"position\":1,\"name\":\"Accueil\",\"item\":\"https:\/\/spps.sn\/intranet\/\"},{\"@type\":\"ListItem\",\"position\":2,\"name\":\"Projets\"}]},{\"@type\":\"WebSite\",\"@id\":\"https:\/\/spps.sn\/intranet\/#website\",\"url\":\"https:\/\/spps.sn\/intranet\/\",\"name\":\"Intranet\/Extranet SPPS\",\"description\":\"Un espace d&#039;\u00e9changes et de collaboration pour le syndicat des pharmaciens priv\u00e9s du S\u00e9n\u00e9gal\",\"potentialAction\":[{\"@type\":\"SearchAction\",\"target\":{\"@type\":\"EntryPoint\",\"urlTemplate\":\"https:\/\/spps.sn\/intranet\/?s={search_term_string}\"},\"query-input\":\"required name=search_term_string\"}],\"inLanguage\":\"fr-FR\"}]}<\/script>\n<!-- \/ Yoast SEO plugin. -->","yoast_head_json":{"title":"Projets - Intranet\/Extranet SPPS","robots":{"index":"index","follow":"follow","max-snippet":"max-snippet:-1","max-image-preview":"max-image-preview:large","max-video-preview":"max-video-preview:-1"},"canonical":"https:\/\/spps.sn\/intranet\/projets\/","og_locale":"fr_FR","og_type":"article","og_title":"Projets - Intranet\/Extranet SPPS","og_description":"Bienvenue sur la page de projets. Soyez au courant de nos projets en cours.","og_url":"https:\/\/spps.sn\/intranet\/projets\/","og_site_name":"Intranet\/Extranet SPPS","article_modified_time":"2019-12-11T11:31:32+00:00","twitter_card":"summary_large_image","schema":{"@context":"https:\/\/schema.org","@graph":[{"@type":"WebPage","@id":"https:\/\/spps.sn\/intranet\/projets\/","url":"https:\/\/spps.sn\/intranet\/projets\/","name":"Projets - Intranet\/Extranet SPPS","isPartOf":{"@id":"https:\/\/spps.sn\/intranet\/#website"},"datePublished":"2015-05-24T15:43:21+00:00","dateModified":"2019-12-11T11:31:32+00:00","breadcrumb":{"@id":"https:\/\/spps.sn\/intranet\/projets\/#breadcrumb"},"inLanguage":"fr-FR","potentialAction":[{"@type":"ReadAction","target":["https:\/\/spps.sn\/intranet\/projets\/"]}]},{"@type":"BreadcrumbList","@id":"https:\/\/spps.sn\/intranet\/projets\/#breadcrumb","itemListElement":[{"@type":"ListItem","position":1,"name":"Accueil","item":"https:\/\/spps.sn\/intranet\/"},{"@type":"ListItem","position":2,"name":"Projets"}]},{"@type":"WebSite","@id":"https:\/\/spps.sn\/intranet\/#website","url":"https:\/\/spps.sn\/intranet\/","name":"Intranet\/Extranet SPPS","description":"Un espace d&#039;\u00e9changes et de collaboration pour le syndicat des pharmaciens priv\u00e9s du S\u00e9n\u00e9gal","potentialAction":[{"@type":"SearchAction","target":{"@type":"EntryPoint","urlTemplate":"https:\/\/spps.sn\/intranet\/?s={search_term_string}"},"query-input":"required name=search_term_string"}],"inLanguage":"fr-FR"}]}},"_links":{"self":[{"href":"https:\/\/spps.sn\/intranet\/wp-json\/wp\/v2\/pages\/216","targetHints":{"allow":["GET"]}}],"collection":[{"href":"https:\/\/spps.sn\/intranet\/wp-json\/wp\/v2\/pages"}],"about":[{"href":"https:\/\/spps.sn\/intranet\/wp-json\/wp\/v2\/types\/page"}],"author":[{"embeddable":true,"href":"https:\/\/spps.sn\/intranet\/wp-json\/wp\/v2\/users\/1"}],"replies":[{"embeddable":true,"href":"https:\/\/spps.sn\/intranet\/wp-json\/wp\/v2\/comments?post=216"}],"version-history":[{"count":1,"href":"https:\/\/spps.sn\/intranet\/wp-json\/wp\/v2\/pages\/216\/revisions"}],"predecessor-version":[{"id":1128,"href":"https:\/\/spps.sn\/intranet\/wp-json\/wp\/v2\/pages\/216\/revisions\/1128"}],"wp:attachment":[{"href":"https:\/\/spps.sn\/intranet\/wp-json\/wp\/v2\/media?parent=216"}],"curies":[{"name":"wp","href":"https:\/\/api.w.org\/{rel}","templated":true}]}}